{"id":929,"date":"2024-06-10T12:52:06","date_gmt":"2024-06-10T12:52:06","guid":{"rendered":"https:\/\/maisoncastelli.com\/habitacion-doble-bano-compartido\/"},"modified":"2026-02-02T11:06:28","modified_gmt":"2026-02-02T11:06:28","slug":"habitacion-doble-bano-compartido","status":"publish","type":"page","link":"https:\/\/maisoncastelli.com\/es\/habitacion-doble-bano-compartido\/","title":{"rendered":"Habitaci\u00f3n doble, ba\u00f1o compartido."},"content":{"rendered":"\t\t<div data-elementor-type=\"wp-page\" data-elementor-id=\"929\" class=\"elementor elementor-929 elementor-99\" data-elementor-post-type=\"page\">\n\t\t\t\t<div class=\"elementor-element elementor-element-250ad26 elementor-hidden-desktop elementor-hidden-tablet e-flex e-con-boxed e-con e-parent\" data-id=\"250ad26\" data-element_type=\"container\" data-e-type=\"container\">\n\t\t\t\t\t<div class=\"e-con-inner\">\n\t\t\t\t<div class=\"elementor-element elementor-element-048a896 elementor-widget elementor-widget-html\" data-id=\"048a896\" data-element_type=\"widget\" data-e-type=\"widget\" data-widget_type=\"html.default\">\n\t\t\t\t\t<form align=\"center\">\r\n<input type=\"button\" value=\"Regresar\" onclick=\"history.go(-1);return true;\" name=\"button\">\r\n<input\n                    class=\"apbct_special_field apbct_email_id__elementor_form\"\n                    name=\"apbct__email_id__elementor_form\"\n                    aria-label=\"apbct__label_id__elementor_form\"\n                    type=\"text\" size=\"30\" maxlength=\"200\" autocomplete=\"off\"\n                    value=\"\"\n                \/><\/form>\t\t\t\t<\/div>\n\t\t\t\t\t<\/div>\n\t\t\t\t<\/div>\n\t\t<div class=\"elementor-element elementor-element-71297cc elementor-hidden-mobile e-flex e-con-boxed e-con e-parent\" data-id=\"71297cc\" data-element_type=\"container\" data-e-type=\"container\">\n\t\t\t\t\t<div class=\"e-con-inner\">\n\t\t\t\t<div class=\"elementor-element elementor-element-0f0ddb3 elementor-widget elementor-widget-html\" data-id=\"0f0ddb3\" data-element_type=\"widget\" data-e-type=\"widget\" data-widget_type=\"html.default\">\n\t\t\t\t\t<form>\r\n<input type=\"button\" value=\"Regresar\" onclick=\"history.go(-1);return true;\" name=\"button\">\r\n<input\n                    class=\"apbct_special_field apbct_email_id__elementor_form\"\n                    name=\"apbct__email_id__elementor_form\"\n                    aria-label=\"apbct__label_id__elementor_form\"\n                    type=\"text\" size=\"30\" maxlength=\"200\" autocomplete=\"off\"\n                    value=\"\"\n                \/><\/form>\t\t\t\t<\/div>\n\t\t\t\t\t<\/div>\n\t\t\t\t<\/div>\n\t\t<div class=\"elementor-element elementor-element-ad6baef e-flex e-con-boxed e-con e-parent\" data-id=\"ad6baef\" data-element_type=\"container\" data-e-type=\"container\">\n\t\t\t\t\t<div class=\"e-con-inner\">\n\t\t\t\t<div class=\"elementor-element elementor-element-41180e6 elementor-widget elementor-widget-text-editor\" data-id=\"41180e6\" data-element_type=\"widget\" data-e-type=\"widget\" data-widget_type=\"text-editor.default\">\n\t\t\t\t\t\t\t\t\t<p class=\"entry-title\">Habitaci\u00f3n doble, ba\u00f1o compartido.<\/p>\t\t\t\t\t\t\t\t<\/div>\n\t\t\t\t\t<\/div>\n\t\t\t\t<\/div>\n\t\t<div class=\"elementor-element elementor-element-1c4011e e-flex e-con-boxed e-con e-parent\" data-id=\"1c4011e\" data-element_type=\"container\" data-e-type=\"container\">\n\t\t\t\t\t<div class=\"e-con-inner\">\n\t\t\t\t<div class=\"elementor-element elementor-element-0fb85ee elementor-widget elementor-widget-text-editor\" data-id=\"0fb85ee\" data-element_type=\"widget\" data-e-type=\"widget\" data-widget_type=\"text-editor.default\">\n\t\t\t\t\t\t\t\t\t<p class=\"entry-title\">Amplia habitaci\u00f3n con cama doble tama\u00f1o king, refrigerador y ba\u00f1o compartido ubicado al otro lado de la habitaci\u00f3n.<\/p>\t\t\t\t\t\t\t\t<\/div>\n\t\t\t\t\t<\/div>\n\t\t\t\t<\/div>\n\t\t<div class=\"elementor-element elementor-element-2dd3785 e-flex e-con-boxed e-con e-parent\" data-id=\"2dd3785\" data-element_type=\"container\" data-e-type=\"container\">\n\t\t\t\t\t<div class=\"e-con-inner\">\n\t\t\t\t<div class=\"elementor-element elementor-element-92badda elementor-grid-3 elementor-grid-tablet-2 elementor-grid-mobile-1 pp-ins-normal elementor-widget elementor-widget-pp-image-gallery\" data-id=\"92badda\" data-element_type=\"widget\" data-e-type=\"widget\" data-widget_type=\"pp-image-gallery.default\">\n\t\t\t\t\t\t\t<div class=\"pp-image-gallery-container\" data-settings=\"{&quot;tilt_enable&quot;:&quot;no&quot;,&quot;layout&quot;:&quot;grid&quot;,&quot;post_id&quot;:929,&quot;template_id&quot;:929,&quot;widget_id&quot;:&quot;92badda&quot;}\">\n\t\t\t\t\t\t\t\t\t\t\t<div class=\"pp-image-gallery pp-elementor-grid\" id=\"pp-image-gallery-92badda\">\n\t\t\t\t\t\t\t\t<div class=\"pp-grid-item-wrap pp-group-1\" data-item-id=\"1063\">\n\t\t\t\t<div class=\"pp-grid-item pp-image\">\n\t\t\t\t\t<div class=\"pp-image-gallery-thumbnail-wrap pp-ins-filter-hover\">\n\t\t\t\t\t\t<a data-elementor-open-lightbox=\"yes\" data-elementor-lightbox-slideshow=\"92badda\" data-elementor-lightbox-title=\"13910\" data-e-action-hash=\"#elementor-action%3Aaction%3Dlightbox%26settings%3DeyJpZCI6MTA2MywidXJsIjoiaHR0cHM6XC9cL21haXNvbmNhc3RlbGxpLmNvbVwvd3AtY29udGVudFwvdXBsb2Fkc1wvMjAyNVwvMDFcLzEzOTEwLXNjYWxlZC5qcGciLCJzbGlkZXNob3ciOiI5MmJhZGRhIn0%3D\" class=\"elementor-clickable pp-image-gallery-item-link\" href=\"https:\/\/maisoncastelli.com\/wp-content\/uploads\/2025\/01\/13910-scaled.jpg\"><div class=\"pp-ins-filter-target pp-image-gallery-thumbnail\"><img decoding=\"async\" class=\"pp-gallery-slide-image\" src=\"https:\/\/maisoncastelli.com\/wp-content\/uploads\/2025\/01\/13910-scaled.jpg\" alt=\"\" data-no-lazy=\"1\"\/><\/div><div class=\"pp-image-overlay pp-media-overlay\"><\/div><div class=\"pp-gallery-image-content pp-media-content\"><\/div><\/a>\t\t\t\t\t<\/div>\n\t\t\t\t<\/div>\n\t\t\t<\/div>\n\t\t\t\t\t\t<div class=\"pp-grid-item-wrap pp-group-1\" data-item-id=\"1053\">\n\t\t\t\t<div class=\"pp-grid-item pp-image\">\n\t\t\t\t\t<div class=\"pp-image-gallery-thumbnail-wrap pp-ins-filter-hover\">\n\t\t\t\t\t\t<a data-elementor-open-lightbox=\"yes\" data-elementor-lightbox-slideshow=\"92badda\" data-elementor-lightbox-title=\"1398\" data-e-action-hash=\"#elementor-action%3Aaction%3Dlightbox%26settings%3DeyJpZCI6MTA1MywidXJsIjoiaHR0cHM6XC9cL21haXNvbmNhc3RlbGxpLmNvbVwvd3AtY29udGVudFwvdXBsb2Fkc1wvMjAyNVwvMDFcLzEzOTgtc2NhbGVkLmpwZyIsInNsaWRlc2hvdyI6IjkyYmFkZGEifQ%3D%3D\" class=\"elementor-clickable pp-image-gallery-item-link\" href=\"https:\/\/maisoncastelli.com\/wp-content\/uploads\/2025\/01\/1398-scaled.jpg\"><div class=\"pp-ins-filter-target pp-image-gallery-thumbnail\"><img decoding=\"async\" class=\"pp-gallery-slide-image\" src=\"https:\/\/maisoncastelli.com\/wp-content\/uploads\/2025\/01\/1398-scaled.jpg\" alt=\"\" data-no-lazy=\"1\"\/><\/div><div class=\"pp-image-overlay pp-media-overlay\"><\/div><div class=\"pp-gallery-image-content pp-media-content\"><\/div><\/a>\t\t\t\t\t<\/div>\n\t\t\t\t<\/div>\n\t\t\t<\/div>\n\t\t\t\t\t\t<div class=\"pp-grid-item-wrap pp-group-1\" data-item-id=\"1078\">\n\t\t\t\t<div class=\"pp-grid-item pp-image\">\n\t\t\t\t\t<div class=\"pp-image-gallery-thumbnail-wrap pp-ins-filter-hover\">\n\t\t\t\t\t\t<a data-elementor-open-lightbox=\"yes\" data-elementor-lightbox-slideshow=\"92badda\" data-elementor-lightbox-title=\"139113\" data-e-action-hash=\"#elementor-action%3Aaction%3Dlightbox%26settings%3DeyJpZCI6MTA3OCwidXJsIjoiaHR0cHM6XC9cL21haXNvbmNhc3RlbGxpLmNvbVwvd3AtY29udGVudFwvdXBsb2Fkc1wvMjAyNVwvMDFcLzEzOTExMy1zY2FsZWQuanBnIiwic2xpZGVzaG93IjoiOTJiYWRkYSJ9\" class=\"elementor-clickable pp-image-gallery-item-link\" href=\"https:\/\/maisoncastelli.com\/wp-content\/uploads\/2025\/01\/139113-scaled.jpg\"><div class=\"pp-ins-filter-target pp-image-gallery-thumbnail\"><img decoding=\"async\" class=\"pp-gallery-slide-image\" src=\"https:\/\/maisoncastelli.com\/wp-content\/uploads\/2025\/01\/139113-scaled.jpg\" alt=\"\" data-no-lazy=\"1\"\/><\/div><div class=\"pp-image-overlay pp-media-overlay\"><\/div><div class=\"pp-gallery-image-content pp-media-content\"><\/div><\/a>\t\t\t\t\t<\/div>\n\t\t\t\t<\/div>\n\t\t\t<\/div>\n\t\t\t\t\t\t<div class=\"pp-grid-item-wrap pp-group-1\" data-item-id=\"1088\">\n\t\t\t\t<div class=\"pp-grid-item pp-image\">\n\t\t\t\t\t<div class=\"pp-image-gallery-thumbnail-wrap pp-ins-filter-hover\">\n\t\t\t\t\t\t<a data-elementor-open-lightbox=\"yes\" data-elementor-lightbox-slideshow=\"92badda\" data-elementor-lightbox-title=\"139115\" data-e-action-hash=\"#elementor-action%3Aaction%3Dlightbox%26settings%3DeyJpZCI6MTA4OCwidXJsIjoiaHR0cHM6XC9cL21haXNvbmNhc3RlbGxpLmNvbVwvd3AtY29udGVudFwvdXBsb2Fkc1wvMjAyNVwvMDFcLzEzOTExNS1zY2FsZWQuanBnIiwic2xpZGVzaG93IjoiOTJiYWRkYSJ9\" class=\"elementor-clickable pp-image-gallery-item-link\" href=\"https:\/\/maisoncastelli.com\/wp-content\/uploads\/2025\/01\/139115-scaled.jpg\"><div class=\"pp-ins-filter-target pp-image-gallery-thumbnail\"><img decoding=\"async\" class=\"pp-gallery-slide-image\" src=\"https:\/\/maisoncastelli.com\/wp-content\/uploads\/2025\/01\/139115-scaled.jpg\" alt=\"\" data-no-lazy=\"1\"\/><\/div><div class=\"pp-image-overlay pp-media-overlay\"><\/div><div class=\"pp-gallery-image-content pp-media-content\"><\/div><\/a>\t\t\t\t\t<\/div>\n\t\t\t\t<\/div>\n\t\t\t<\/div>\n\t\t\t\t\t\t<div class=\"pp-grid-item-wrap pp-group-1\" data-item-id=\"1098\">\n\t\t\t\t<div class=\"pp-grid-item pp-image\">\n\t\t\t\t\t<div class=\"pp-image-gallery-thumbnail-wrap pp-ins-filter-hover\">\n\t\t\t\t\t\t<a data-elementor-open-lightbox=\"yes\" data-elementor-lightbox-slideshow=\"92badda\" data-elementor-lightbox-title=\"139117\" data-e-action-hash=\"#elementor-action%3Aaction%3Dlightbox%26settings%3DeyJpZCI6MTA5OCwidXJsIjoiaHR0cHM6XC9cL21haXNvbmNhc3RlbGxpLmNvbVwvd3AtY29udGVudFwvdXBsb2Fkc1wvMjAyNVwvMDFcLzEzOTExNy1zY2FsZWQuanBnIiwic2xpZGVzaG93IjoiOTJiYWRkYSJ9\" class=\"elementor-clickable pp-image-gallery-item-link\" href=\"https:\/\/maisoncastelli.com\/wp-content\/uploads\/2025\/01\/139117-scaled.jpg\"><div class=\"pp-ins-filter-target pp-image-gallery-thumbnail\"><img decoding=\"async\" class=\"pp-gallery-slide-image\" src=\"https:\/\/maisoncastelli.com\/wp-content\/uploads\/2025\/01\/139117-scaled.jpg\" alt=\"\" data-no-lazy=\"1\"\/><\/div><div class=\"pp-image-overlay pp-media-overlay\"><\/div><div class=\"pp-gallery-image-content pp-media-content\"><\/div><\/a>\t\t\t\t\t<\/div>\n\t\t\t\t<\/div>\n\t\t\t<\/div>\n\t\t\t\t\t\t<div class=\"pp-grid-item-wrap pp-group-1\" data-item-id=\"1083\">\n\t\t\t\t<div class=\"pp-grid-item pp-image\">\n\t\t\t\t\t<div class=\"pp-image-gallery-thumbnail-wrap pp-ins-filter-hover\">\n\t\t\t\t\t\t<a data-elementor-open-lightbox=\"yes\" data-elementor-lightbox-slideshow=\"92badda\" data-elementor-lightbox-title=\"139114\" data-e-action-hash=\"#elementor-action%3Aaction%3Dlightbox%26settings%3DeyJpZCI6MTA4MywidXJsIjoiaHR0cHM6XC9cL21haXNvbmNhc3RlbGxpLmNvbVwvd3AtY29udGVudFwvdXBsb2Fkc1wvMjAyNVwvMDFcLzEzOTExNC1zY2FsZWQuanBnIiwic2xpZGVzaG93IjoiOTJiYWRkYSJ9\" class=\"elementor-clickable pp-image-gallery-item-link\" href=\"https:\/\/maisoncastelli.com\/wp-content\/uploads\/2025\/01\/139114-scaled.jpg\"><div class=\"pp-ins-filter-target pp-image-gallery-thumbnail\"><img decoding=\"async\" class=\"pp-gallery-slide-image\" src=\"https:\/\/maisoncastelli.com\/wp-content\/uploads\/2025\/01\/139114-scaled.jpg\" alt=\"\" data-no-lazy=\"1\"\/><\/div><div class=\"pp-image-overlay pp-media-overlay\"><\/div><div class=\"pp-gallery-image-content pp-media-content\"><\/div><\/a>\t\t\t\t\t<\/div>\n\t\t\t\t<\/div>\n\t\t\t<\/div>\n\t\t\t\t\t\t\t<\/div>\n\t\t\t\t\t\t<\/div>\n\t\t\t\t\t\t<\/div>\n\t\t\t\t\t<\/div>\n\t\t\t\t<\/div>\n\t\t<div class=\"elementor-element elementor-element-02a5c82 e-flex e-con-boxed e-con e-parent\" data-id=\"02a5c82\" data-element_type=\"container\" data-e-type=\"container\">\n\t\t\t\t\t<div class=\"e-con-inner\">\n\t\t\t\t<div class=\"elementor-element elementor-element-8e8ca4e elementor-widget elementor-widget-spacer\" data-id=\"8e8ca4e\" data-element_type=\"widget\" data-e-type=\"widget\" data-widget_type=\"spacer.default\">\n\t\t\t\t\t\t\t<div class=\"elementor-spacer\">\n\t\t\t<div class=\"elementor-spacer-inner\"><\/div>\n\t\t<\/div>\n\t\t\t\t\t\t<\/div>\n\t\t\t\t\t<\/div>\n\t\t\t\t<\/div>\n\t\t\t\t<\/div>\n\t\t","protected":false},"excerpt":{"rendered":"<p>Habitaci\u00f3n doble, ba\u00f1o compartido. Amplia habitaci\u00f3n con cama doble tama\u00f1o king, refrigerador y ba\u00f1o compartido ubicado al otro lado de la habitaci\u00f3n.<\/p>\n","protected":false},"author":1,"featured_media":0,"parent":0,"menu_order":0,"comment_status":"closed","ping_status":"closed","template":"","meta":{"_seopress_robots_primary_cat":"","_seopress_titles_title":"","_seopress_titles_desc":"","_seopress_robots_index":"","footnotes":""},"class_list":["post-929","page","type-page","status-publish","hentry"],"_links":{"self":[{"href":"https:\/\/maisoncastelli.com\/es\/wp-json\/wp\/v2\/pages\/929","targetHints":{"allow":["GET"]}}],"collection":[{"href":"https:\/\/maisoncastelli.com\/es\/wp-json\/wp\/v2\/pages"}],"about":[{"href":"https:\/\/maisoncastelli.com\/es\/wp-json\/wp\/v2\/types\/page"}],"author":[{"embeddable":true,"href":"https:\/\/maisoncastelli.com\/es\/wp-json\/wp\/v2\/users\/1"}],"replies":[{"embeddable":true,"href":"https:\/\/maisoncastelli.com\/es\/wp-json\/wp\/v2\/comments?post=929"}],"version-history":[{"count":5,"href":"https:\/\/maisoncastelli.com\/es\/wp-json\/wp\/v2\/pages\/929\/revisions"}],"predecessor-version":[{"id":1643,"href":"https:\/\/maisoncastelli.com\/es\/wp-json\/wp\/v2\/pages\/929\/revisions\/1643"}],"wp:attachment":[{"href":"https:\/\/maisoncastelli.com\/es\/wp-json\/wp\/v2\/media?parent=929"}],"curies":[{"name":"wp","href":"https:\/\/api.w.org\/{rel}","templated":true}]}}