{"id":939,"date":"2024-06-10T13:42:48","date_gmt":"2024-06-10T13:42:48","guid":{"rendered":"https:\/\/maisoncastelli.com\/donde-estamos\/"},"modified":"2024-08-02T18:53:32","modified_gmt":"2024-08-02T18:53:32","slug":"donde-estamos","status":"publish","type":"page","link":"https:\/\/maisoncastelli.com\/es\/donde-estamos\/","title":{"rendered":"Donde estamos"},"content":{"rendered":"\t\t<div data-elementor-type=\"wp-page\" data-elementor-id=\"939\" class=\"elementor elementor-939 elementor-243\" data-elementor-post-type=\"page\">\n\t\t\t\t<div class=\"elementor-element elementor-element-debb110 e-flex e-con-boxed e-con e-parent\" data-id=\"debb110\" data-element_type=\"container\" data-e-type=\"container\">\n\t\t\t\t\t<div class=\"e-con-inner\">\n\t\t\t\t<div class=\"elementor-element elementor-element-58e0509 elementor-widget elementor-widget-text-editor\" data-id=\"58e0509\" data-element_type=\"widget\" data-e-type=\"widget\" data-widget_type=\"text-editor.default\">\n\t\t\t\t\t\t\t\t\t<p>DONDE ESTAMOS<\/p>\n\t\t\t\t\t\t\t\t<\/div>\n\t\t\t\t\t<\/div>\n\t\t\t\t<\/div>\n\t\t<div class=\"elementor-element elementor-element-a727e16 e-flex e-con-boxed e-con e-parent\" data-id=\"a727e16\" data-element_type=\"container\" data-e-type=\"container\">\n\t\t\t\t\t<div class=\"e-con-inner\">\n\t\t\t\t<div class=\"elementor-element elementor-element-55873ee elementor-widget elementor-widget-text-editor\" data-id=\"55873ee\" data-element_type=\"widget\" data-e-type=\"widget\" data-widget_type=\"text-editor.default\">\n\t\t\t\t\t\t\t\t\t<div>Estamos ubicados a 10 minutos a pie del centro de B\u00e9rgamo, a 20 minutos a pie de la estaci\u00f3n.<\/div>\n<div>Puede llegar f\u00e1cilmente a nosotros en autob\u00fas o taxi desde el aeropuerto de B\u00e9rgamo (BGY)<\/div>\n<div>La cl\u00ednica HUMANITAS CASTELLI est\u00e1 a menos de 100 metros. Para tarifas espec\u00edficas, cont\u00e1ctenos por tel\u00e9fono.<\/div>\n\t\t\t\t\t\t\t\t<\/div>\n\t\t\t\t\t<\/div>\n\t\t\t\t<\/div>\n\t\t<div class=\"elementor-element elementor-element-b2fd579 e-flex e-con-boxed e-con e-parent\" data-id=\"b2fd579\" data-element_type=\"container\" data-e-type=\"container\">\n\t\t\t\t\t<div class=\"e-con-inner\">\n\t\t\t\t<div class=\"elementor-element elementor-element-451a39a elementor-widget elementor-widget-google_maps\" data-id=\"451a39a\" data-element_type=\"widget\" data-e-type=\"widget\" data-widget_type=\"google_maps.default\">\n\t\t\t\t\t\t\t<div class=\"elementor-custom-embed\">\n\t\t\t<iframe loading=\"lazy\"\n\t\t\t\t\tsrc=\"https:\/\/maps.google.com\/maps?q=Maison%20Castelli&#038;t=m&#038;z=14&#038;output=embed&#038;iwloc=near\"\n\t\t\t\t\ttitle=\"Maison Castelli\"\n\t\t\t\t\taria-label=\"Maison Castelli\"\n\t\t\t><\/iframe>\n\t\t<\/div>\n\t\t\t\t\t\t<\/div>\n\t\t\t\t\t<\/div>\n\t\t\t\t<\/div>\n\t\t<div class=\"elementor-element elementor-element-986db36 e-flex e-con-boxed e-con e-parent\" data-id=\"986db36\" data-element_type=\"container\" data-e-type=\"container\">\n\t\t\t\t\t<div class=\"e-con-inner\">\n\t\t\t\t<div class=\"elementor-element elementor-element-c3d02ec elementor-widget elementor-widget-spacer\" data-id=\"c3d02ec\" data-element_type=\"widget\" data-e-type=\"widget\" data-widget_type=\"spacer.default\">\n\t\t\t\t\t\t\t<div class=\"elementor-spacer\">\n\t\t\t<div class=\"elementor-spacer-inner\"><\/div>\n\t\t<\/div>\n\t\t\t\t\t\t<\/div>\n\t\t\t\t\t<\/div>\n\t\t\t\t<\/div>\n\t\t\t\t<\/div>\n\t\t","protected":false},"excerpt":{"rendered":"<p>DONDE ESTAMOS Estamos ubicados a 10 minutos a pie del centro de B\u00e9rgamo, a 20 minutos a pie de la estaci\u00f3n. Puede llegar f\u00e1cilmente a nosotros en autob\u00fas o taxi desde el aeropuerto de B\u00e9rgamo (BGY) La cl\u00ednica HUMANITAS CASTELLI est\u00e1 a menos de 100 metros. Para tarifas espec\u00edficas, cont\u00e1ctenos por tel\u00e9fono.<\/p>\n","protected":false},"author":1,"featured_media":0,"parent":0,"menu_order":0,"comment_status":"closed","ping_status":"closed","template":"","meta":{"_seopress_robots_primary_cat":"","_seopress_titles_title":"","_seopress_titles_desc":"","_seopress_robots_index":"","footnotes":""},"class_list":["post-939","page","type-page","status-publish","hentry"],"_links":{"self":[{"href":"https:\/\/maisoncastelli.com\/es\/wp-json\/wp\/v2\/pages\/939","targetHints":{"allow":["GET"]}}],"collection":[{"href":"https:\/\/maisoncastelli.com\/es\/wp-json\/wp\/v2\/pages"}],"about":[{"href":"https:\/\/maisoncastelli.com\/es\/wp-json\/wp\/v2\/types\/page"}],"author":[{"embeddable":true,"href":"https:\/\/maisoncastelli.com\/es\/wp-json\/wp\/v2\/users\/1"}],"replies":[{"embeddable":true,"href":"https:\/\/maisoncastelli.com\/es\/wp-json\/wp\/v2\/comments?post=939"}],"version-history":[{"count":1,"href":"https:\/\/maisoncastelli.com\/es\/wp-json\/wp\/v2\/pages\/939\/revisions"}],"predecessor-version":[{"id":940,"href":"https:\/\/maisoncastelli.com\/es\/wp-json\/wp\/v2\/pages\/939\/revisions\/940"}],"wp:attachment":[{"href":"https:\/\/maisoncastelli.com\/es\/wp-json\/wp\/v2\/media?parent=939"}],"curies":[{"name":"wp","href":"https:\/\/api.w.org\/{rel}","templated":true}]}}