{"id":860,"date":"2024-06-10T13:12:09","date_gmt":"2024-06-10T13:12:09","guid":{"rendered":"https:\/\/maisoncastelli.com\/chambre-lits-jumeaux-avec-salle-de-bains-privative\/"},"modified":"2026-02-02T11:13:58","modified_gmt":"2026-02-02T11:13:58","slug":"chambre-lits-jumeaux-avec-salle-de-bains-privative","status":"publish","type":"page","link":"https:\/\/maisoncastelli.com\/fr\/chambre-lits-jumeaux-avec-salle-de-bains-privative\/","title":{"rendered":"Chambre Lits Jumeaux avec Salle de Bains Privative"},"content":{"rendered":"\t\t<div data-elementor-type=\"wp-page\" data-elementor-id=\"860\" class=\"elementor elementor-860 elementor-187\" data-elementor-post-type=\"page\">\n\t\t\t\t<div class=\"elementor-element elementor-element-e3d0d34 elementor-hidden-desktop elementor-hidden-tablet e-flex e-con-boxed e-con e-parent\" data-id=\"e3d0d34\" data-element_type=\"container\" data-e-type=\"container\">\n\t\t\t\t\t<div class=\"e-con-inner\">\n\t\t\t\t<div class=\"elementor-element elementor-element-49d4790 elementor-widget elementor-widget-html\" data-id=\"49d4790\" data-element_type=\"widget\" data-e-type=\"widget\" data-widget_type=\"html.default\">\n\t\t\t\t\t<form align=\"center\">\r\n<input type=\"button\" value=\"Revenir\" onclick=\"history.go(-1);return true;\" name=\"button\">\r\n<input\n                    class=\"apbct_special_field apbct_email_id__elementor_form\"\n                    name=\"apbct__email_id__elementor_form\"\n                    aria-label=\"apbct__label_id__elementor_form\"\n                    type=\"text\" size=\"30\" maxlength=\"200\" autocomplete=\"off\"\n                    value=\"\"\n                \/><\/form>\t\t\t\t<\/div>\n\t\t\t\t\t<\/div>\n\t\t\t\t<\/div>\n\t\t<div class=\"elementor-element elementor-element-36f8a6d elementor-hidden-mobile e-flex e-con-boxed e-con e-parent\" data-id=\"36f8a6d\" data-element_type=\"container\" data-e-type=\"container\">\n\t\t\t\t\t<div class=\"e-con-inner\">\n\t\t\t\t<div class=\"elementor-element elementor-element-2282450 elementor-widget elementor-widget-html\" data-id=\"2282450\" data-element_type=\"widget\" data-e-type=\"widget\" data-widget_type=\"html.default\">\n\t\t\t\t\t<form>\r\n<input type=\"button\" value=\"Revenir\" onclick=\"history.go(-1);return true;\" name=\"button\">\r\n<input\n                    class=\"apbct_special_field apbct_email_id__elementor_form\"\n                    name=\"apbct__email_id__elementor_form\"\n                    aria-label=\"apbct__label_id__elementor_form\"\n                    type=\"text\" size=\"30\" maxlength=\"200\" autocomplete=\"off\"\n                    value=\"\"\n                \/><\/form>\t\t\t\t<\/div>\n\t\t\t\t\t<\/div>\n\t\t\t\t<\/div>\n\t\t<div class=\"elementor-element elementor-element-1d37f24 e-flex e-con-boxed e-con e-parent\" data-id=\"1d37f24\" data-element_type=\"container\" data-e-type=\"container\">\n\t\t\t\t\t<div class=\"e-con-inner\">\n\t\t\t\t<div class=\"elementor-element elementor-element-b007dae elementor-widget elementor-widget-text-editor\" data-id=\"b007dae\" data-element_type=\"widget\" data-e-type=\"widget\" data-widget_type=\"text-editor.default\">\n\t\t\t\t\t\t\t\t\t<p class=\"entry-title\">Chambre double avec salle de bain priv\u00e9e<\/p>\t\t\t\t\t\t\t\t<\/div>\n\t\t\t\t\t<\/div>\n\t\t\t\t<\/div>\n\t\t<div class=\"elementor-element elementor-element-604763b e-flex e-con-boxed e-con e-parent\" data-id=\"604763b\" data-element_type=\"container\" data-e-type=\"container\">\n\t\t\t\t\t<div class=\"e-con-inner\">\n\t\t\t\t<div class=\"elementor-element elementor-element-168a84f elementor-widget elementor-widget-text-editor\" data-id=\"168a84f\" data-element_type=\"widget\" data-e-type=\"widget\" data-widget_type=\"text-editor.default\">\n\t\t\t\t\t\t\t\t\t<p class=\"entry-title\">Chambre standard avec 2 lits simples, r\u00e9frig\u00e9rateur et salle de bain priv\u00e9e<\/p>\t\t\t\t\t\t\t\t<\/div>\n\t\t\t\t\t<\/div>\n\t\t\t\t<\/div>\n\t\t<div class=\"elementor-element elementor-element-568bc51 e-flex e-con-boxed e-con e-parent\" data-id=\"568bc51\" data-element_type=\"container\" data-e-type=\"container\">\n\t\t\t\t\t<div class=\"e-con-inner\">\n\t\t\t\t<div class=\"elementor-element elementor-element-4078b4f elementor-grid-2 elementor-grid-tablet-2 elementor-grid-mobile-1 pp-ins-normal elementor-widget elementor-widget-pp-image-gallery\" data-id=\"4078b4f\" data-element_type=\"widget\" data-e-type=\"widget\" data-widget_type=\"pp-image-gallery.default\">\n\t\t\t\t\t\t\t<div class=\"pp-image-gallery-container\" data-settings=\"{&quot;tilt_enable&quot;:&quot;no&quot;,&quot;layout&quot;:&quot;grid&quot;,&quot;post_id&quot;:860,&quot;template_id&quot;:860,&quot;widget_id&quot;:&quot;4078b4f&quot;}\">\n\t\t\t\t\t\t\t\t\t\t\t<div class=\"pp-image-gallery pp-elementor-grid\" id=\"pp-image-gallery-4078b4f\">\n\t\t\t\t\t\t\t\t<div class=\"pp-grid-item-wrap pp-group-1\" data-item-id=\"1298\">\n\t\t\t\t<div class=\"pp-grid-item pp-image\">\n\t\t\t\t\t<div class=\"pp-image-gallery-thumbnail-wrap pp-ins-filter-hover\">\n\t\t\t\t\t\t<a data-elementor-open-lightbox=\"yes\" data-elementor-lightbox-slideshow=\"4078b4f\" data-elementor-lightbox-title=\"14\" data-e-action-hash=\"#elementor-action%3Aaction%3Dlightbox%26settings%3DeyJpZCI6MTI5OCwidXJsIjoiaHR0cHM6XC9cL21haXNvbmNhc3RlbGxpLmNvbVwvd3AtY29udGVudFwvdXBsb2Fkc1wvMjAyNVwvMDFcLzE0LXNjYWxlZC5qcGciLCJzbGlkZXNob3ciOiI0MDc4YjRmIn0%3D\" class=\"elementor-clickable pp-image-gallery-item-link\" href=\"https:\/\/maisoncastelli.com\/wp-content\/uploads\/2025\/01\/14-scaled.jpg\"><div class=\"pp-ins-filter-target pp-image-gallery-thumbnail\"><img decoding=\"async\" class=\"pp-gallery-slide-image\" src=\"https:\/\/maisoncastelli.com\/wp-content\/uploads\/2025\/01\/14-scaled.jpg\" alt=\"\" data-no-lazy=\"1\"\/><\/div><div class=\"pp-image-overlay pp-media-overlay\"><\/div><div class=\"pp-gallery-image-content pp-media-content\"><\/div><\/a>\t\t\t\t\t<\/div>\n\t\t\t\t<\/div>\n\t\t\t<\/div>\n\t\t\t\t\t\t<div class=\"pp-grid-item-wrap pp-group-1\" data-item-id=\"1308\">\n\t\t\t\t<div class=\"pp-grid-item pp-image\">\n\t\t\t\t\t<div class=\"pp-image-gallery-thumbnail-wrap pp-ins-filter-hover\">\n\t\t\t\t\t\t<a data-elementor-open-lightbox=\"yes\" data-elementor-lightbox-slideshow=\"4078b4f\" data-elementor-lightbox-title=\"17\" data-e-action-hash=\"#elementor-action%3Aaction%3Dlightbox%26settings%3DeyJpZCI6MTMwOCwidXJsIjoiaHR0cHM6XC9cL21haXNvbmNhc3RlbGxpLmNvbVwvd3AtY29udGVudFwvdXBsb2Fkc1wvMjAyNVwvMDFcLzE3LXNjYWxlZC5qcGciLCJzbGlkZXNob3ciOiI0MDc4YjRmIn0%3D\" class=\"elementor-clickable pp-image-gallery-item-link\" href=\"https:\/\/maisoncastelli.com\/wp-content\/uploads\/2025\/01\/17-scaled.jpg\"><div class=\"pp-ins-filter-target pp-image-gallery-thumbnail\"><img decoding=\"async\" class=\"pp-gallery-slide-image\" src=\"https:\/\/maisoncastelli.com\/wp-content\/uploads\/2025\/01\/17-scaled.jpg\" alt=\"\" data-no-lazy=\"1\"\/><\/div><div class=\"pp-image-overlay pp-media-overlay\"><\/div><div class=\"pp-gallery-image-content pp-media-content\"><\/div><\/a>\t\t\t\t\t<\/div>\n\t\t\t\t<\/div>\n\t\t\t<\/div>\n\t\t\t\t\t\t<div class=\"pp-grid-item-wrap pp-group-1\" data-item-id=\"1328\">\n\t\t\t\t<div class=\"pp-grid-item pp-image\">\n\t\t\t\t\t<div class=\"pp-image-gallery-thumbnail-wrap pp-ins-filter-hover\">\n\t\t\t\t\t\t<a data-elementor-open-lightbox=\"yes\" data-elementor-lightbox-slideshow=\"4078b4f\" data-elementor-lightbox-title=\"112\" data-e-action-hash=\"#elementor-action%3Aaction%3Dlightbox%26settings%3DeyJpZCI6MTMyOCwidXJsIjoiaHR0cHM6XC9cL21haXNvbmNhc3RlbGxpLmNvbVwvd3AtY29udGVudFwvdXBsb2Fkc1wvMjAyNVwvMDFcLzExMi1zY2FsZWQuanBnIiwic2xpZGVzaG93IjoiNDA3OGI0ZiJ9\" class=\"elementor-clickable pp-image-gallery-item-link\" href=\"https:\/\/maisoncastelli.com\/wp-content\/uploads\/2025\/01\/112-scaled.jpg\"><div class=\"pp-ins-filter-target pp-image-gallery-thumbnail\"><img decoding=\"async\" class=\"pp-gallery-slide-image\" src=\"https:\/\/maisoncastelli.com\/wp-content\/uploads\/2025\/01\/112-scaled.jpg\" alt=\"\" data-no-lazy=\"1\"\/><\/div><div class=\"pp-image-overlay pp-media-overlay\"><\/div><div class=\"pp-gallery-image-content pp-media-content\"><\/div><\/a>\t\t\t\t\t<\/div>\n\t\t\t\t<\/div>\n\t\t\t<\/div>\n\t\t\t\t\t\t<div class=\"pp-grid-item-wrap pp-group-1\" data-item-id=\"1293\">\n\t\t\t\t<div class=\"pp-grid-item pp-image\">\n\t\t\t\t\t<div class=\"pp-image-gallery-thumbnail-wrap pp-ins-filter-hover\">\n\t\t\t\t\t\t<a data-elementor-open-lightbox=\"yes\" data-elementor-lightbox-slideshow=\"4078b4f\" data-elementor-lightbox-title=\"13\" data-e-action-hash=\"#elementor-action%3Aaction%3Dlightbox%26settings%3DeyJpZCI6MTI5MywidXJsIjoiaHR0cHM6XC9cL21haXNvbmNhc3RlbGxpLmNvbVwvd3AtY29udGVudFwvdXBsb2Fkc1wvMjAyNVwvMDFcLzEzLXNjYWxlZC5qcGciLCJzbGlkZXNob3ciOiI0MDc4YjRmIn0%3D\" class=\"elementor-clickable pp-image-gallery-item-link\" href=\"https:\/\/maisoncastelli.com\/wp-content\/uploads\/2025\/01\/13-scaled.jpg\"><div class=\"pp-ins-filter-target pp-image-gallery-thumbnail\"><img decoding=\"async\" class=\"pp-gallery-slide-image\" src=\"https:\/\/maisoncastelli.com\/wp-content\/uploads\/2025\/01\/13-scaled.jpg\" alt=\"\" data-no-lazy=\"1\"\/><\/div><div class=\"pp-image-overlay pp-media-overlay\"><\/div><div class=\"pp-gallery-image-content pp-media-content\"><\/div><\/a>\t\t\t\t\t<\/div>\n\t\t\t\t<\/div>\n\t\t\t<\/div>\n\t\t\t\t\t\t\t<\/div>\n\t\t\t\t\t\t<\/div>\n\t\t\t\t\t\t<\/div>\n\t\t\t\t\t<\/div>\n\t\t\t\t<\/div>\n\t\t<div class=\"elementor-element elementor-element-fc9abd4 e-flex e-con-boxed e-con e-parent\" data-id=\"fc9abd4\" data-element_type=\"container\" data-e-type=\"container\">\n\t\t\t\t\t<div class=\"e-con-inner\">\n\t\t\t\t<div class=\"elementor-element elementor-element-ed5162f elementor-widget elementor-widget-spacer\" data-id=\"ed5162f\" data-element_type=\"widget\" data-e-type=\"widget\" data-widget_type=\"spacer.default\">\n\t\t\t\t\t\t\t<div class=\"elementor-spacer\">\n\t\t\t<div class=\"elementor-spacer-inner\"><\/div>\n\t\t<\/div>\n\t\t\t\t\t\t<\/div>\n\t\t\t\t\t<\/div>\n\t\t\t\t<\/div>\n\t\t\t\t<\/div>\n\t\t","protected":false},"excerpt":{"rendered":"<p>Chambre double avec salle de bain priv\u00e9e Chambre standard avec 2 lits simples, r\u00e9frig\u00e9rateur et salle de bain priv\u00e9e<\/p>\n","protected":false},"author":1,"featured_media":0,"parent":0,"menu_order":0,"comment_status":"closed","ping_status":"closed","template":"","meta":{"_seopress_robots_primary_cat":"","_seopress_titles_title":"","_seopress_titles_desc":"","_seopress_robots_index":"","footnotes":""},"class_list":["post-860","page","type-page","status-publish","hentry"],"_links":{"self":[{"href":"https:\/\/maisoncastelli.com\/fr\/wp-json\/wp\/v2\/pages\/860","targetHints":{"allow":["GET"]}}],"collection":[{"href":"https:\/\/maisoncastelli.com\/fr\/wp-json\/wp\/v2\/pages"}],"about":[{"href":"https:\/\/maisoncastelli.com\/fr\/wp-json\/wp\/v2\/types\/page"}],"author":[{"embeddable":true,"href":"https:\/\/maisoncastelli.com\/fr\/wp-json\/wp\/v2\/users\/1"}],"replies":[{"embeddable":true,"href":"https:\/\/maisoncastelli.com\/fr\/wp-json\/wp\/v2\/comments?post=860"}],"version-history":[{"count":3,"href":"https:\/\/maisoncastelli.com\/fr\/wp-json\/wp\/v2\/pages\/860\/revisions"}],"predecessor-version":[{"id":1661,"href":"https:\/\/maisoncastelli.com\/fr\/wp-json\/wp\/v2\/pages\/860\/revisions\/1661"}],"wp:attachment":[{"href":"https:\/\/maisoncastelli.com\/fr\/wp-json\/wp\/v2\/media?parent=860"}],"curies":[{"name":"wp","href":"https:\/\/api.w.org\/{rel}","templated":true}]}}