{"id":868,"date":"2024-06-10T13:18:33","date_gmt":"2024-06-10T13:18:33","guid":{"rendered":"https:\/\/maisoncastelli.com\/chambre-simple-avec-salle-de-bains-commune\/"},"modified":"2026-02-02T11:16:01","modified_gmt":"2026-02-02T11:16:01","slug":"chambre-simple-avec-salle-de-bains-commune","status":"publish","type":"page","link":"https:\/\/maisoncastelli.com\/fr\/chambre-simple-avec-salle-de-bains-commune\/","title":{"rendered":"Chambre Simple avec Salle de Bains Commune"},"content":{"rendered":"\t\t<div data-elementor-type=\"wp-page\" data-elementor-id=\"868\" class=\"elementor elementor-868 elementor-206\" data-elementor-post-type=\"page\">\n\t\t\t\t<div class=\"elementor-element elementor-element-a5823f3 elementor-hidden-desktop elementor-hidden-tablet e-flex e-con-boxed e-con e-parent\" data-id=\"a5823f3\" data-element_type=\"container\" data-e-type=\"container\">\n\t\t\t\t\t<div class=\"e-con-inner\">\n\t\t\t\t<div class=\"elementor-element elementor-element-d7fc9de elementor-widget elementor-widget-html\" data-id=\"d7fc9de\" data-element_type=\"widget\" data-e-type=\"widget\" data-widget_type=\"html.default\">\n\t\t\t\t\t<form align=\"center\">\r\n<input type=\"button\" value=\"Revenir\" onclick=\"history.go(-1);return true;\" name=\"button\">\r\n<input\n                    class=\"apbct_special_field apbct_email_id__elementor_form\"\n                    name=\"apbct__email_id__elementor_form\"\n                    aria-label=\"apbct__label_id__elementor_form\"\n                    type=\"text\" size=\"30\" maxlength=\"200\" autocomplete=\"off\"\n                    value=\"\"\n                \/><\/form>\t\t\t\t<\/div>\n\t\t\t\t\t<\/div>\n\t\t\t\t<\/div>\n\t\t<div class=\"elementor-element elementor-element-10f28d6 elementor-hidden-mobile e-flex e-con-boxed e-con e-parent\" data-id=\"10f28d6\" data-element_type=\"container\" data-e-type=\"container\">\n\t\t\t\t\t<div class=\"e-con-inner\">\n\t\t\t\t<div class=\"elementor-element elementor-element-012fadb elementor-widget elementor-widget-html\" data-id=\"012fadb\" data-element_type=\"widget\" data-e-type=\"widget\" data-widget_type=\"html.default\">\n\t\t\t\t\t<form>\r\n<input type=\"button\" value=\"Revenir\" onclick=\"history.go(-1);return true;\" name=\"button\">\r\n<input\n                    class=\"apbct_special_field apbct_email_id__elementor_form\"\n                    name=\"apbct__email_id__elementor_form\"\n                    aria-label=\"apbct__label_id__elementor_form\"\n                    type=\"text\" size=\"30\" maxlength=\"200\" autocomplete=\"off\"\n                    value=\"\"\n                \/><\/form>\t\t\t\t<\/div>\n\t\t\t\t\t<\/div>\n\t\t\t\t<\/div>\n\t\t<div class=\"elementor-element elementor-element-c8973a0 e-flex e-con-boxed e-con e-parent\" data-id=\"c8973a0\" data-element_type=\"container\" data-e-type=\"container\">\n\t\t\t\t\t<div class=\"e-con-inner\">\n\t\t\t\t<div class=\"elementor-element elementor-element-62bd227 elementor-widget elementor-widget-text-editor\" data-id=\"62bd227\" data-element_type=\"widget\" data-e-type=\"widget\" data-widget_type=\"text-editor.default\">\n\t\t\t\t\t\t\t\t\t<p class=\"entry-title\">Chambre Simple avec Salle de Bains Commune<\/p>\t\t\t\t\t\t\t\t<\/div>\n\t\t\t\t\t<\/div>\n\t\t\t\t<\/div>\n\t\t<div class=\"elementor-element elementor-element-0792e13 e-flex e-con-boxed e-con e-parent\" data-id=\"0792e13\" data-element_type=\"container\" data-e-type=\"container\">\n\t\t\t\t\t<div class=\"e-con-inner\">\n\t\t\t\t<div class=\"elementor-element elementor-element-20e1e7b elementor-widget elementor-widget-text-editor\" data-id=\"20e1e7b\" data-element_type=\"widget\" data-e-type=\"widget\" data-widget_type=\"text-editor.default\">\n\t\t\t\t\t\t\t\t\t<p class=\"entry-title\">Chambre avec lit simple et salle de bain commune situ\u00e9e \u00e0 c\u00f4t\u00e9 de la chambre<\/p>\t\t\t\t\t\t\t\t<\/div>\n\t\t\t\t\t<\/div>\n\t\t\t\t<\/div>\n\t\t<div class=\"elementor-element elementor-element-95eaacc e-flex e-con-boxed e-con e-parent\" data-id=\"95eaacc\" data-element_type=\"container\" data-e-type=\"container\">\n\t\t\t\t\t<div class=\"e-con-inner\">\n\t\t\t\t<div class=\"elementor-element elementor-element-9d1d51b pp-ins-normal elementor-widget elementor-widget-pp-image-gallery\" data-id=\"9d1d51b\" data-element_type=\"widget\" data-e-type=\"widget\" data-widget_type=\"pp-image-gallery.default\">\n\t\t\t\t\t\t\t<div class=\"pp-image-gallery-container\" data-settings=\"{&quot;tilt_enable&quot;:&quot;no&quot;,&quot;layout&quot;:&quot;justified&quot;,&quot;image_spacing&quot;:10,&quot;row_height&quot;:110,&quot;last_row&quot;:&quot;justify&quot;,&quot;post_id&quot;:868,&quot;template_id&quot;:868,&quot;widget_id&quot;:&quot;9d1d51b&quot;}\">\n\t\t\t\t\t\t\t\t\t\t\t<div class=\"pp-image-gallery pp-elementor-grid pp-image-gallery-justified\" id=\"pp-image-gallery-9d1d51b\">\n\t\t\t\t\t\t\t\t<div class=\"pp-grid-item-wrap pp-group-1\" data-item-id=\"1367\">\n\t\t\t\t<div class=\"pp-grid-item pp-image\">\n\t\t\t\t\t<div class=\"pp-image-gallery-thumbnail-wrap pp-ins-filter-hover\">\n\t\t\t\t\t\t<a data-elementor-open-lightbox=\"yes\" data-elementor-lightbox-slideshow=\"9d1d51b\" data-elementor-lightbox-title=\"1391113\" data-e-action-hash=\"#elementor-action%3Aaction%3Dlightbox%26settings%3DeyJpZCI6MTM2NywidXJsIjoiaHR0cHM6XC9cL21haXNvbmNhc3RlbGxpLmNvbVwvd3AtY29udGVudFwvdXBsb2Fkc1wvMjAyNVwvMDFcLzEzOTExMTMtc2NhbGVkLmpwZyIsInNsaWRlc2hvdyI6IjlkMWQ1MWIifQ%3D%3D\" class=\"elementor-clickable pp-image-gallery-item-link\" href=\"https:\/\/maisoncastelli.com\/wp-content\/uploads\/2025\/01\/1391113-scaled.jpg\"><div class=\"pp-ins-filter-target pp-image-gallery-thumbnail\"><img decoding=\"async\" class=\"pp-gallery-slide-image\" src=\"https:\/\/maisoncastelli.com\/wp-content\/uploads\/2025\/01\/1391113-scaled.jpg\" alt=\"\" data-no-lazy=\"1\"\/><\/div><div class=\"pp-image-overlay pp-media-overlay\"><\/div><div class=\"pp-gallery-image-content pp-media-content\"><\/div><\/a>\t\t\t\t\t<\/div>\n\t\t\t\t<\/div>\n\t\t\t<\/div>\n\t\t\t\t\t\t<div class=\"pp-grid-item-wrap pp-group-1\" data-item-id=\"1356\">\n\t\t\t\t<div class=\"pp-grid-item pp-image\">\n\t\t\t\t\t<div class=\"pp-image-gallery-thumbnail-wrap pp-ins-filter-hover\">\n\t\t\t\t\t\t<a data-elementor-open-lightbox=\"yes\" data-elementor-lightbox-slideshow=\"9d1d51b\" data-elementor-lightbox-title=\"1391111\" data-e-action-hash=\"#elementor-action%3Aaction%3Dlightbox%26settings%3DeyJpZCI6MTM1NiwidXJsIjoiaHR0cHM6XC9cL21haXNvbmNhc3RlbGxpLmNvbVwvd3AtY29udGVudFwvdXBsb2Fkc1wvMjAyNVwvMDFcLzEzOTExMTEtc2NhbGVkLmpwZyIsInNsaWRlc2hvdyI6IjlkMWQ1MWIifQ%3D%3D\" class=\"elementor-clickable pp-image-gallery-item-link\" href=\"https:\/\/maisoncastelli.com\/wp-content\/uploads\/2025\/01\/1391111-scaled.jpg\"><div class=\"pp-ins-filter-target pp-image-gallery-thumbnail\"><img decoding=\"async\" class=\"pp-gallery-slide-image\" src=\"https:\/\/maisoncastelli.com\/wp-content\/uploads\/2025\/01\/1391111-scaled.jpg\" alt=\"\" data-no-lazy=\"1\"\/><\/div><div class=\"pp-image-overlay pp-media-overlay\"><\/div><div class=\"pp-gallery-image-content pp-media-content\"><\/div><\/a>\t\t\t\t\t<\/div>\n\t\t\t\t<\/div>\n\t\t\t<\/div>\n\t\t\t\t\t\t<div class=\"pp-grid-item-wrap pp-group-1\" data-item-id=\"1377\">\n\t\t\t\t<div class=\"pp-grid-item pp-image\">\n\t\t\t\t\t<div class=\"pp-image-gallery-thumbnail-wrap pp-ins-filter-hover\">\n\t\t\t\t\t\t<a data-elementor-open-lightbox=\"yes\" data-elementor-lightbox-slideshow=\"9d1d51b\" data-elementor-lightbox-title=\"1391115\" data-e-action-hash=\"#elementor-action%3Aaction%3Dlightbox%26settings%3DeyJpZCI6MTM3NywidXJsIjoiaHR0cHM6XC9cL21haXNvbmNhc3RlbGxpLmNvbVwvd3AtY29udGVudFwvdXBsb2Fkc1wvMjAyNVwvMDFcLzEzOTExMTUtc2NhbGVkLmpwZyIsInNsaWRlc2hvdyI6IjlkMWQ1MWIifQ%3D%3D\" class=\"elementor-clickable pp-image-gallery-item-link\" href=\"https:\/\/maisoncastelli.com\/wp-content\/uploads\/2025\/01\/1391115-scaled.jpg\"><div class=\"pp-ins-filter-target pp-image-gallery-thumbnail\"><img decoding=\"async\" class=\"pp-gallery-slide-image\" src=\"https:\/\/maisoncastelli.com\/wp-content\/uploads\/2025\/01\/1391115-scaled.jpg\" alt=\"\" data-no-lazy=\"1\"\/><\/div><div class=\"pp-image-overlay pp-media-overlay\"><\/div><div class=\"pp-gallery-image-content pp-media-content\"><\/div><\/a>\t\t\t\t\t<\/div>\n\t\t\t\t<\/div>\n\t\t\t<\/div>\n\t\t\t\t\t\t<div class=\"pp-grid-item-wrap pp-group-1\" data-item-id=\"1341\">\n\t\t\t\t<div class=\"pp-grid-item pp-image\">\n\t\t\t\t\t<div class=\"pp-image-gallery-thumbnail-wrap pp-ins-filter-hover\">\n\t\t\t\t\t\t<a data-elementor-open-lightbox=\"yes\" data-elementor-lightbox-slideshow=\"9d1d51b\" data-elementor-lightbox-title=\"139117\" data-e-action-hash=\"#elementor-action%3Aaction%3Dlightbox%26settings%3DeyJpZCI6MTM0MSwidXJsIjoiaHR0cHM6XC9cL21haXNvbmNhc3RlbGxpLmNvbVwvd3AtY29udGVudFwvdXBsb2Fkc1wvMjAyNVwvMDFcLzEzOTExNy0xLXNjYWxlZC5qcGciLCJzbGlkZXNob3ciOiI5ZDFkNTFiIn0%3D\" class=\"elementor-clickable pp-image-gallery-item-link\" href=\"https:\/\/maisoncastelli.com\/wp-content\/uploads\/2025\/01\/139117-1-scaled.jpg\"><div class=\"pp-ins-filter-target pp-image-gallery-thumbnail\"><img decoding=\"async\" class=\"pp-gallery-slide-image\" src=\"https:\/\/maisoncastelli.com\/wp-content\/uploads\/2025\/01\/139117-1-scaled.jpg\" alt=\"\" data-no-lazy=\"1\"\/><\/div><div class=\"pp-image-overlay pp-media-overlay\"><\/div><div class=\"pp-gallery-image-content pp-media-content\"><\/div><\/a>\t\t\t\t\t<\/div>\n\t\t\t\t<\/div>\n\t\t\t<\/div>\n\t\t\t\t\t\t<div class=\"pp-grid-item-wrap pp-group-1\" data-item-id=\"1362\">\n\t\t\t\t<div class=\"pp-grid-item pp-image\">\n\t\t\t\t\t<div class=\"pp-image-gallery-thumbnail-wrap pp-ins-filter-hover\">\n\t\t\t\t\t\t<a data-elementor-open-lightbox=\"yes\" data-elementor-lightbox-slideshow=\"9d1d51b\" data-elementor-lightbox-title=\"1391112\" data-e-action-hash=\"#elementor-action%3Aaction%3Dlightbox%26settings%3DeyJpZCI6MTM2MiwidXJsIjoiaHR0cHM6XC9cL21haXNvbmNhc3RlbGxpLmNvbVwvd3AtY29udGVudFwvdXBsb2Fkc1wvMjAyNVwvMDFcLzEzOTExMTItc2NhbGVkLmpwZyIsInNsaWRlc2hvdyI6IjlkMWQ1MWIifQ%3D%3D\" class=\"elementor-clickable pp-image-gallery-item-link\" href=\"https:\/\/maisoncastelli.com\/wp-content\/uploads\/2025\/01\/1391112-scaled.jpg\"><div class=\"pp-ins-filter-target pp-image-gallery-thumbnail\"><img decoding=\"async\" class=\"pp-gallery-slide-image\" src=\"https:\/\/maisoncastelli.com\/wp-content\/uploads\/2025\/01\/1391112-scaled.jpg\" alt=\"\" data-no-lazy=\"1\"\/><\/div><div class=\"pp-image-overlay pp-media-overlay\"><\/div><div class=\"pp-gallery-image-content pp-media-content\"><\/div><\/a>\t\t\t\t\t<\/div>\n\t\t\t\t<\/div>\n\t\t\t<\/div>\n\t\t\t\t\t\t<div class=\"pp-grid-item-wrap pp-group-1\" data-item-id=\"1372\">\n\t\t\t\t<div class=\"pp-grid-item pp-image\">\n\t\t\t\t\t<div class=\"pp-image-gallery-thumbnail-wrap pp-ins-filter-hover\">\n\t\t\t\t\t\t<a data-elementor-open-lightbox=\"yes\" data-elementor-lightbox-slideshow=\"9d1d51b\" data-elementor-lightbox-title=\"1391114\" data-e-action-hash=\"#elementor-action%3Aaction%3Dlightbox%26settings%3DeyJpZCI6MTM3MiwidXJsIjoiaHR0cHM6XC9cL21haXNvbmNhc3RlbGxpLmNvbVwvd3AtY29udGVudFwvdXBsb2Fkc1wvMjAyNVwvMDFcLzEzOTExMTQtc2NhbGVkLmpwZyIsInNsaWRlc2hvdyI6IjlkMWQ1MWIifQ%3D%3D\" class=\"elementor-clickable pp-image-gallery-item-link\" href=\"https:\/\/maisoncastelli.com\/wp-content\/uploads\/2025\/01\/1391114-scaled.jpg\"><div class=\"pp-ins-filter-target pp-image-gallery-thumbnail\"><img decoding=\"async\" class=\"pp-gallery-slide-image\" src=\"https:\/\/maisoncastelli.com\/wp-content\/uploads\/2025\/01\/1391114-scaled.jpg\" alt=\"\" data-no-lazy=\"1\"\/><\/div><div class=\"pp-image-overlay pp-media-overlay\"><\/div><div class=\"pp-gallery-image-content pp-media-content\"><\/div><\/a>\t\t\t\t\t<\/div>\n\t\t\t\t<\/div>\n\t\t\t<\/div>\n\t\t\t\t\t\t\t<\/div>\n\t\t\t\t\t\t<\/div>\n\t\t\t\t\t\t<\/div>\n\t\t\t\t\t<\/div>\n\t\t\t\t<\/div>\n\t\t<div class=\"elementor-element elementor-element-f414f88 e-flex e-con-boxed e-con e-parent\" data-id=\"f414f88\" data-element_type=\"container\" data-e-type=\"container\">\n\t\t\t\t\t<div class=\"e-con-inner\">\n\t\t\t\t<div class=\"elementor-element elementor-element-9e3ded6 elementor-widget elementor-widget-spacer\" data-id=\"9e3ded6\" data-element_type=\"widget\" data-e-type=\"widget\" data-widget_type=\"spacer.default\">\n\t\t\t\t\t\t\t<div class=\"elementor-spacer\">\n\t\t\t<div class=\"elementor-spacer-inner\"><\/div>\n\t\t<\/div>\n\t\t\t\t\t\t<\/div>\n\t\t\t\t\t<\/div>\n\t\t\t\t<\/div>\n\t\t\t\t<\/div>\n\t\t","protected":false},"excerpt":{"rendered":"<p>Chambre Simple avec Salle de Bains Commune Chambre avec lit simple et salle de bain commune situ\u00e9e \u00e0 c\u00f4t\u00e9 de la chambre<\/p>\n","protected":false},"author":1,"featured_media":0,"parent":0,"menu_order":0,"comment_status":"closed","ping_status":"closed","template":"","meta":{"_seopress_robots_primary_cat":"","_seopress_titles_title":"","_seopress_titles_desc":"","_seopress_robots_index":"","footnotes":""},"class_list":["post-868","page","type-page","status-publish","hentry"],"_links":{"self":[{"href":"https:\/\/maisoncastelli.com\/fr\/wp-json\/wp\/v2\/pages\/868","targetHints":{"allow":["GET"]}}],"collection":[{"href":"https:\/\/maisoncastelli.com\/fr\/wp-json\/wp\/v2\/pages"}],"about":[{"href":"https:\/\/maisoncastelli.com\/fr\/wp-json\/wp\/v2\/types\/page"}],"author":[{"embeddable":true,"href":"https:\/\/maisoncastelli.com\/fr\/wp-json\/wp\/v2\/users\/1"}],"replies":[{"embeddable":true,"href":"https:\/\/maisoncastelli.com\/fr\/wp-json\/wp\/v2\/comments?post=868"}],"version-history":[{"count":4,"href":"https:\/\/maisoncastelli.com\/fr\/wp-json\/wp\/v2\/pages\/868\/revisions"}],"predecessor-version":[{"id":1666,"href":"https:\/\/maisoncastelli.com\/fr\/wp-json\/wp\/v2\/pages\/868\/revisions\/1666"}],"wp:attachment":[{"href":"https:\/\/maisoncastelli.com\/fr\/wp-json\/wp\/v2\/media?parent=868"}],"curies":[{"name":"wp","href":"https:\/\/api.w.org\/{rel}","templated":true}]}}