{"id":876,"date":"2024-06-10T13:42:48","date_gmt":"2024-06-10T13:42:48","guid":{"rendered":"https:\/\/maisoncastelli.com\/ou-nous-sommes\/"},"modified":"2024-08-02T17:06:51","modified_gmt":"2024-08-02T17:06:51","slug":"ou-nous-sommes","status":"publish","type":"page","link":"https:\/\/maisoncastelli.com\/fr\/ou-nous-sommes\/","title":{"rendered":"O\u00f9 nous sommes"},"content":{"rendered":"\t\t<div data-elementor-type=\"wp-page\" data-elementor-id=\"876\" class=\"elementor elementor-876 elementor-243\" data-elementor-post-type=\"page\">\n\t\t\t\t<div class=\"elementor-element elementor-element-debb110 e-flex e-con-boxed e-con e-parent\" data-id=\"debb110\" data-element_type=\"container\" data-e-type=\"container\">\n\t\t\t\t\t<div class=\"e-con-inner\">\n\t\t\t\t<div class=\"elementor-element elementor-element-58e0509 elementor-widget elementor-widget-text-editor\" data-id=\"58e0509\" data-element_type=\"widget\" data-e-type=\"widget\" data-widget_type=\"text-editor.default\">\n\t\t\t\t\t\t\t\t\t<p>O\u00d9 NOUS SOMMES<\/p>\n\t\t\t\t\t\t\t\t<\/div>\n\t\t\t\t\t<\/div>\n\t\t\t\t<\/div>\n\t\t<div class=\"elementor-element elementor-element-a727e16 e-flex e-con-boxed e-con e-parent\" data-id=\"a727e16\" data-element_type=\"container\" data-e-type=\"container\">\n\t\t\t\t\t<div class=\"e-con-inner\">\n\t\t\t\t<div class=\"elementor-element elementor-element-55873ee elementor-widget elementor-widget-text-editor\" data-id=\"55873ee\" data-element_type=\"widget\" data-e-type=\"widget\" data-widget_type=\"text-editor.default\">\n\t\t\t\t\t\t\t\t\t<div>Nous sommes situ\u00e9s \u00e0 10 minutes \u00e0 pied du centre de Bergame, \u00e0 20 minutes \u00e0 pied de la gare.<\/div>\n<div>Vous pouvez facilement nous rejoindre en bus ou en taxi depuis l&rsquo;a\u00e9roport de Bergame (BGY)<\/div>\n<div>La clinique HUMANITAS CASTELLI est \u00e0 moins de 100 m\u00e8tres. Pour des tarifs d\u00e9di\u00e9s, contactez-nous par t\u00e9l\u00e9phone.<\/div>\n\t\t\t\t\t\t\t\t<\/div>\n\t\t\t\t\t<\/div>\n\t\t\t\t<\/div>\n\t\t<div class=\"elementor-element elementor-element-b2fd579 e-flex e-con-boxed e-con e-parent\" data-id=\"b2fd579\" data-element_type=\"container\" data-e-type=\"container\">\n\t\t\t\t\t<div class=\"e-con-inner\">\n\t\t\t\t<div class=\"elementor-element elementor-element-451a39a elementor-widget elementor-widget-google_maps\" data-id=\"451a39a\" data-element_type=\"widget\" data-e-type=\"widget\" data-widget_type=\"google_maps.default\">\n\t\t\t\t\t\t\t<div class=\"elementor-custom-embed\">\n\t\t\t<iframe loading=\"lazy\"\n\t\t\t\t\tsrc=\"https:\/\/maps.google.com\/maps?q=Maison%20Castelli&#038;t=m&#038;z=14&#038;output=embed&#038;iwloc=near\"\n\t\t\t\t\ttitle=\"Maison Castelli\"\n\t\t\t\t\taria-label=\"Maison Castelli\"\n\t\t\t><\/iframe>\n\t\t<\/div>\n\t\t\t\t\t\t<\/div>\n\t\t\t\t\t<\/div>\n\t\t\t\t<\/div>\n\t\t<div class=\"elementor-element elementor-element-986db36 e-flex e-con-boxed e-con e-parent\" data-id=\"986db36\" data-element_type=\"container\" data-e-type=\"container\">\n\t\t\t\t\t<div class=\"e-con-inner\">\n\t\t\t\t<div class=\"elementor-element elementor-element-c3d02ec elementor-widget elementor-widget-spacer\" data-id=\"c3d02ec\" data-element_type=\"widget\" data-e-type=\"widget\" data-widget_type=\"spacer.default\">\n\t\t\t\t\t\t\t<div class=\"elementor-spacer\">\n\t\t\t<div class=\"elementor-spacer-inner\"><\/div>\n\t\t<\/div>\n\t\t\t\t\t\t<\/div>\n\t\t\t\t\t<\/div>\n\t\t\t\t<\/div>\n\t\t\t\t<\/div>\n\t\t","protected":false},"excerpt":{"rendered":"<p>O\u00d9 NOUS SOMMES Nous sommes situ\u00e9s \u00e0 10 minutes \u00e0 pied du centre de Bergame, \u00e0 20 minutes \u00e0 pied de la gare. Vous pouvez facilement nous rejoindre en bus ou en taxi depuis l&rsquo;a\u00e9roport de Bergame (BGY) La clinique HUMANITAS CASTELLI est \u00e0 moins de 100 m\u00e8tres. Pour des tarifs d\u00e9di\u00e9s, contactez-nous par t\u00e9l\u00e9phone.<\/p>\n","protected":false},"author":1,"featured_media":0,"parent":0,"menu_order":0,"comment_status":"closed","ping_status":"closed","template":"","meta":{"_seopress_robots_primary_cat":"","_seopress_titles_title":"","_seopress_titles_desc":"","_seopress_robots_index":"","footnotes":""},"class_list":["post-876","page","type-page","status-publish","hentry"],"_links":{"self":[{"href":"https:\/\/maisoncastelli.com\/fr\/wp-json\/wp\/v2\/pages\/876","targetHints":{"allow":["GET"]}}],"collection":[{"href":"https:\/\/maisoncastelli.com\/fr\/wp-json\/wp\/v2\/pages"}],"about":[{"href":"https:\/\/maisoncastelli.com\/fr\/wp-json\/wp\/v2\/types\/page"}],"author":[{"embeddable":true,"href":"https:\/\/maisoncastelli.com\/fr\/wp-json\/wp\/v2\/users\/1"}],"replies":[{"embeddable":true,"href":"https:\/\/maisoncastelli.com\/fr\/wp-json\/wp\/v2\/comments?post=876"}],"version-history":[{"count":1,"href":"https:\/\/maisoncastelli.com\/fr\/wp-json\/wp\/v2\/pages\/876\/revisions"}],"predecessor-version":[{"id":877,"href":"https:\/\/maisoncastelli.com\/fr\/wp-json\/wp\/v2\/pages\/876\/revisions\/877"}],"wp:attachment":[{"href":"https:\/\/maisoncastelli.com\/fr\/wp-json\/wp\/v2\/media?parent=876"}],"curies":[{"name":"wp","href":"https:\/\/api.w.org\/{rel}","templated":true}]}}